{"id":2,"date":"2010-07-01T08:30:17","date_gmt":"2010-07-01T13:30:17","guid":{"rendered":"https:\/\/grundtdal.dk\/?page_id=2"},"modified":"2022-08-16T12:55:26","modified_gmt":"2022-08-16T12:55:26","slug":"about","status":"publish","type":"page","link":"https:\/\/grundtdal.dk\/","title":{"rendered":"Keramik"},"content":{"rendered":"<p>&nbsp;<\/p>\n<p>K\u00c6RE ALLE<\/p>\n<p>DET ER PT IKKE MULIGT AT BESTILLE KUNSTH\u00c5NDV\u00c6RK, DA JEG HAR HOLDT PAUSE OG ER P\u00c5 VEJ I NY RETNING MED MIN KERAMIK. DU ER VELKOMMEN TIL AT RINGE, HVIS DER ER NOGET DU GERNE VIL EJE &#8211; JEG HAR ENKELTE TING P\u00c5 LAGER ENDNU.<\/p>\n<p>JEG SENDER DESV\u00c6RRE IKKE.<\/p>\n<p>JEG OPDATERER HER N\u00c5R DER ER NYT.<\/p>\n<p>K\u00c6RLIG HILSEN KIRSTEN<\/p>\n<p>&nbsp;<\/p>\n<p>Det er\u00a0altid at komme efter aftale &#8211; ring p\u00e5 60917606<\/p>\n<h2 style=\"text-align: justify;\"><a href=\"https:\/\/grundtdal.dk\/wp-content\/uploads\/2010\/07\/Julesalg-2013-opslag.jpg\"><img loading=\"lazy\" class=\"aligncenter size-full wp-image-505\" src=\"https:\/\/grundtdal.dk\/wp-content\/uploads\/2010\/07\/Julesalg-2013-opslag.jpg\" alt=\"Julesalg 2013 opslag\" width=\"395\" height=\"395\" srcset=\"https:\/\/grundtdal.dk\/wp-content\/uploads\/2010\/07\/Julesalg-2013-opslag.jpg 395w, https:\/\/grundtdal.dk\/wp-content\/uploads\/2010\/07\/Julesalg-2013-opslag-150x150.jpg 150w, https:\/\/grundtdal.dk\/wp-content\/uploads\/2010\/07\/Julesalg-2013-opslag-300x300.jpg 300w\" sizes=\"(max-width: 395px) 100vw, 395px\" \/><\/a><\/h2>\n<h2 style=\"text-align: justify;\">\u00a0<a href=\"https:\/\/grundtdal.dk\/wp-content\/uploads\/2010\/07\/En-tur-i-havecenteret-b\u00f8d-p\u00e5-disse-dejlige-for\u00e5rsfristelser.jpg\"><img loading=\"lazy\" class=\"alignnone wp-image-475\" src=\"https:\/\/grundtdal.dk\/wp-content\/uploads\/2010\/07\/En-tur-i-havecenteret-b\u00f8d-p\u00e5-disse-dejlige-for\u00e5rsfristelser-1024x680.jpg\" alt=\"En tur i havecenteret b\u00f8d p\u00e5 disse dejlige for\u00e5rsfristelser\" width=\"614\" height=\"408\" srcset=\"https:\/\/grundtdal.dk\/wp-content\/uploads\/2010\/07\/En-tur-i-havecenteret-b\u00f8d-p\u00e5-disse-dejlige-for\u00e5rsfristelser-1024x680.jpg 1024w, https:\/\/grundtdal.dk\/wp-content\/uploads\/2010\/07\/En-tur-i-havecenteret-b\u00f8d-p\u00e5-disse-dejlige-for\u00e5rsfristelser-150x99.jpg 150w, https:\/\/grundtdal.dk\/wp-content\/uploads\/2010\/07\/En-tur-i-havecenteret-b\u00f8d-p\u00e5-disse-dejlige-for\u00e5rsfristelser-300x199.jpg 300w\" sizes=\"(max-width: 614px) 100vw, 614px\" \/><\/a><\/h2>\n<p>Kirsten Siw Grundtdal Degn har lige nu\u00a0 travlt med at f\u00e5 de nyeste designs produceret. Det er bl.a. disse kogle\u00f8reringe:<\/p>\n<p><a href=\"https:\/\/grundtdal.dk\/wp-content\/uploads\/2010\/07\/kogle\u00f8reringe-gul.jpg\"><img loading=\"lazy\" class=\"alignnone size-medium wp-image-487\" src=\"https:\/\/grundtdal.dk\/wp-content\/uploads\/2010\/07\/kogle\u00f8reringe-gul-200x300.jpg\" alt=\"kogle\u00f8reringe gul\" width=\"200\" height=\"300\" srcset=\"https:\/\/grundtdal.dk\/wp-content\/uploads\/2010\/07\/kogle\u00f8reringe-gul-200x300.jpg 200w, https:\/\/grundtdal.dk\/wp-content\/uploads\/2010\/07\/kogle\u00f8reringe-gul-100x150.jpg 100w, https:\/\/grundtdal.dk\/wp-content\/uploads\/2010\/07\/kogle\u00f8reringe-gul.jpg 542w\" sizes=\"(max-width: 200px) 100vw, 200px\" \/><\/a><\/p>\n<p>S\u00e5 kommer\u00a0 der ogs\u00e5 nye vaser, der har f\u00e5et et andet tryk &#8211; stadig fra valmuens fr\u00f8stand, men en anden sort. Vaserne kommer ogs\u00e5 i en h\u00f8jere version, men de er f\u00f8rst netop p\u00e5 vej i ovnen.<\/p>\n<p>Her kan du se en flok med det nye tryk, som ogs\u00e5 er det der vil kunne ses p\u00e5 de h\u00f8je vaser, der er p\u00e5 vej:<\/p>\n<p style=\"text-align: center;\"><strong><a href=\"https:\/\/grundtdal.dk\/wp-content\/uploads\/2010\/07\/vaser-april-13-nyt-tryk-pyramide.jpg\"><img loading=\"lazy\" class=\"aligncenter wp-image-488\" src=\"https:\/\/grundtdal.dk\/wp-content\/uploads\/2010\/07\/vaser-april-13-nyt-tryk-pyramide-1024x680.jpg\" alt=\"vaser april 13 nyt tryk valmue\" width=\"614\" height=\"408\" srcset=\"https:\/\/grundtdal.dk\/wp-content\/uploads\/2010\/07\/vaser-april-13-nyt-tryk-pyramide-1024x680.jpg 1024w, https:\/\/grundtdal.dk\/wp-content\/uploads\/2010\/07\/vaser-april-13-nyt-tryk-pyramide-150x99.jpg 150w, https:\/\/grundtdal.dk\/wp-content\/uploads\/2010\/07\/vaser-april-13-nyt-tryk-pyramide-300x199.jpg 300w\" sizes=\"(max-width: 614px) 100vw, 614px\" \/><\/a><\/strong><\/p>\n<h2 style=\"text-align: justify;\"><span style=\"color: #ffcc00;\">FOR\u00c5R&#8230;&#8230;&#8230;&#8230;&#8230;&#8230;&#8230;&#8230;&#8230;&#8230;.vaserne passer lige til \u00e9t <\/span><span style=\"color: #ffcc00;\">l\u00f8g.<\/span><\/h2>\n<h2><a href=\"https:\/\/grundtdal.dk\/wp-content\/uploads\/2010\/07\/4-p\u00e5-r\u00e6kke-med-tete2.jpg\"><img loading=\"lazy\" class=\"alignleft wp-image-390\" src=\"https:\/\/grundtdal.dk\/wp-content\/uploads\/2010\/07\/4-p\u00e5-r\u00e6kke-med-tete2-1024x680.jpg\" alt=\"4 p\u00e5 r\u00e6kke med tete\" width=\"368\" height=\"245\" srcset=\"https:\/\/grundtdal.dk\/wp-content\/uploads\/2010\/07\/4-p\u00e5-r\u00e6kke-med-tete2-1024x680.jpg 1024w, https:\/\/grundtdal.dk\/wp-content\/uploads\/2010\/07\/4-p\u00e5-r\u00e6kke-med-tete2-300x199.jpg 300w\" sizes=\"(max-width: 368px) 100vw, 368px\" \/><\/a><\/h2>\n<p>&nbsp;<\/p>\n<p>&nbsp;<\/p>\n<p>&nbsp;<\/p>\n<p>&nbsp;<\/p>\n<h2><\/h2>\n<h2><a title=\"F\u00f8lg GRUNDTDAL p\u00e5 Facebook\" href=\"http:\/\/www.facebook.com\/Grundtdal.dk?ref=hl\"><span style=\"color: #3366ff;\"><!--more--><\/span><\/a><\/h2>\n<h3><a title=\"F\u00f8lg GRUNDTDAL p\u00e5 Facebook\" href=\"http:\/\/www.facebook.com\/Grundtdal.dk?ref=hl\"><span style=\"color: #3366ff;\">BABELST\u00c5RNE&#8230;&#8230;&#8230;&#8230;&#8230;&#8230;&#8230;&#8230;..passer til en enkelt blomst eller m\u00e6lk. Findes i 3 st\u00f8rrelser.<img loading=\"lazy\" class=\"wp-image-412 aligncenter\" src=\"https:\/\/grundtdal.dk\/wp-content\/uploads\/2013\/02\/3-babelst\u00e5rne-fra-oven-e1360096597422-1024x680.jpg\" alt=\"3 babelst\u00e5rne fra oven\" width=\"368\" height=\"245\" srcset=\"https:\/\/grundtdal.dk\/wp-content\/uploads\/2013\/02\/3-babelst\u00e5rne-fra-oven-e1360096597422-1024x680.jpg 1024w, https:\/\/grundtdal.dk\/wp-content\/uploads\/2013\/02\/3-babelst\u00e5rne-fra-oven-e1360096597422-300x199.jpg 300w\" sizes=\"(max-width: 368px) 100vw, 368px\" \/><\/span><\/a><\/h3>\n<p>&nbsp;<\/p>\n<p><span style=\"color: #3366ff;\">\u00a0<\/span><\/p>\n<p style=\"text-align: center;\">Opslaget til Julesalget 2012:<a href=\"https:\/\/grundtdal.dk\/wp-content\/uploads\/2010\/07\/juleopslag-2012.jpg\"><img loading=\"lazy\" class=\"aligncenter size-medium wp-image-362\" title=\"juleopslag 2012\" src=\"https:\/\/grundtdal.dk\/wp-content\/uploads\/2010\/07\/juleopslag-2012-212x300.jpg\" alt=\"\" width=\"212\" height=\"300\" srcset=\"https:\/\/grundtdal.dk\/wp-content\/uploads\/2010\/07\/juleopslag-2012-212x300.jpg 212w, https:\/\/grundtdal.dk\/wp-content\/uploads\/2010\/07\/juleopslag-2012-723x1024.jpg 723w, https:\/\/grundtdal.dk\/wp-content\/uploads\/2010\/07\/juleopslag-2012.jpg 1240w\" sizes=\"(max-width: 212px) 100vw, 212px\" \/><\/a><\/p>\n<p><strong>Her er et par billeder af de nyeste tilf\u00f8jelser: Der er nye armb\u00e5nd (priser fra 90 &#8211; 120,-) &#8211; der kommer ogs\u00e5 halsk\u00e6der i samme stil, men dem har jeg ikke billeder af endnu. S\u00e5 er der de nye sm\u00e5 fugle til vinduet eller juletr\u00e6et. <\/strong><\/p>\n<p><strong>De sm\u00e5 vaser er stadig i produktion, og har f\u00e5et f\u00f8lgeskab af en st\u00f8rre version s\u00e5 de kan bruges til hyacintl\u00f8g. <\/strong><\/p>\n<p><a href=\"https:\/\/grundtdal.dk\/wp-content\/uploads\/2010\/07\/3-hyacinter-store.jpg\"><img loading=\"lazy\" class=\"aligncenter size-medium wp-image-369\" title=\"3 hyacinter store\" src=\"https:\/\/grundtdal.dk\/wp-content\/uploads\/2010\/07\/3-hyacinter-store-199x300.jpg\" alt=\"\" width=\"199\" height=\"300\" srcset=\"https:\/\/grundtdal.dk\/wp-content\/uploads\/2010\/07\/3-hyacinter-store-199x300.jpg 199w, https:\/\/grundtdal.dk\/wp-content\/uploads\/2010\/07\/3-hyacinter-store-680x1024.jpg 680w, https:\/\/grundtdal.dk\/wp-content\/uploads\/2010\/07\/3-hyacinter-store.jpg 2000w\" sizes=\"(max-width: 199px) 100vw, 199px\" \/><\/a><\/p>\n<p><a href=\"https:\/\/grundtdal.dk\/wp-content\/uploads\/2010\/07\/orange-armb\u00e5nd-med-1-violet-kugle.jpg\"><img loading=\"lazy\" class=\"aligncenter size-medium wp-image-363\" title=\"orange armb\u00e5nd med 1 violet kugle\" src=\"https:\/\/grundtdal.dk\/wp-content\/uploads\/2010\/07\/orange-armb\u00e5nd-med-1-violet-kugle-300x199.jpg\" alt=\"\" width=\"300\" height=\"199\" srcset=\"https:\/\/grundtdal.dk\/wp-content\/uploads\/2010\/07\/orange-armb\u00e5nd-med-1-violet-kugle-300x199.jpg 300w, https:\/\/grundtdal.dk\/wp-content\/uploads\/2010\/07\/orange-armb\u00e5nd-med-1-violet-kugle-1024x680.jpg 1024w\" sizes=\"(max-width: 300px) 100vw, 300px\" \/><\/a><\/p>\n<p><a href=\"https:\/\/grundtdal.dk\/wp-content\/uploads\/2010\/07\/orange-armb\u00e5nd-med-bordeaux-og-hvid-kugle.jpg\"><img loading=\"lazy\" class=\"aligncenter size-medium wp-image-364\" title=\"orange armb\u00e5nd med bordeaux og hvid kugle\" src=\"https:\/\/grundtdal.dk\/wp-content\/uploads\/2010\/07\/orange-armb\u00e5nd-med-bordeaux-og-hvid-kugle-300x199.jpg\" alt=\"\" width=\"300\" height=\"199\" srcset=\"https:\/\/grundtdal.dk\/wp-content\/uploads\/2010\/07\/orange-armb\u00e5nd-med-bordeaux-og-hvid-kugle-300x199.jpg 300w, https:\/\/grundtdal.dk\/wp-content\/uploads\/2010\/07\/orange-armb\u00e5nd-med-bordeaux-og-hvid-kugle-1024x680.jpg 1024w\" sizes=\"(max-width: 300px) 100vw, 300px\" \/><\/a><\/p>\n<p><a href=\"https:\/\/grundtdal.dk\/wp-content\/uploads\/2010\/07\/armb\u00e5nd-sort-med-bordeaux-kugle.jpg\"><img loading=\"lazy\" class=\"aligncenter size-medium wp-image-365\" title=\"armb\u00e5nd, sort med bordeaux kugle\" src=\"https:\/\/grundtdal.dk\/wp-content\/uploads\/2010\/07\/armb\u00e5nd-sort-med-bordeaux-kugle-300x199.jpg\" alt=\"\" width=\"300\" height=\"199\" srcset=\"https:\/\/grundtdal.dk\/wp-content\/uploads\/2010\/07\/armb\u00e5nd-sort-med-bordeaux-kugle-300x199.jpg 300w, https:\/\/grundtdal.dk\/wp-content\/uploads\/2010\/07\/armb\u00e5nd-sort-med-bordeaux-kugle-1024x680.jpg 1024w\" sizes=\"(max-width: 300px) 100vw, 300px\" \/><\/a><\/p>\n<p><a href=\"https:\/\/grundtdal.dk\/wp-content\/uploads\/2010\/07\/fugl-porcel\u00e6n.jpg\"><img loading=\"lazy\" class=\"aligncenter size-medium wp-image-366\" title=\"fugl, porcel\u00e6n\" src=\"https:\/\/grundtdal.dk\/wp-content\/uploads\/2010\/07\/fugl-porcel\u00e6n-300x199.jpg\" alt=\"\" width=\"300\" height=\"199\" srcset=\"https:\/\/grundtdal.dk\/wp-content\/uploads\/2010\/07\/fugl-porcel\u00e6n-300x199.jpg 300w, https:\/\/grundtdal.dk\/wp-content\/uploads\/2010\/07\/fugl-porcel\u00e6n-1024x680.jpg 1024w\" sizes=\"(max-width: 300px) 100vw, 300px\" \/><\/a><\/p>\n<p><strong>Ny forhandler: <\/strong><\/p>\n<p>Stilken, Frederiksalle 140, 8000 \u00c5rhus C<\/p>\n<p>Stilken forhandler mine smykker, samt de sm\u00e5 vaser og &#8220;de sk\u00e6ve t\u00e5rne&#8221;.<\/p>\n<p><a href=\"https:\/\/grundtdal.dk\/wp-content\/uploads\/2010\/07\/2-vaser-juni-12.jpg\"><img loading=\"lazy\" class=\"aligncenter size-medium wp-image-327\" title=\"2 vaser juni 12\" src=\"https:\/\/grundtdal.dk\/wp-content\/uploads\/2010\/07\/2-vaser-juni-12-200x300.jpg\" alt=\"\" width=\"200\" height=\"300\" srcset=\"https:\/\/grundtdal.dk\/wp-content\/uploads\/2010\/07\/2-vaser-juni-12-200x300.jpg 200w, https:\/\/grundtdal.dk\/wp-content\/uploads\/2010\/07\/2-vaser-juni-12-683x1024.jpg 683w, https:\/\/grundtdal.dk\/wp-content\/uploads\/2010\/07\/2-vaser-juni-12.jpg 1891w\" sizes=\"(max-width: 200px) 100vw, 200px\" \/><\/a><\/p>\n<p>Her er et par af de sm\u00e5 vaser: hvid og lysgr\u00f8n. Findes ogs\u00e5 i m\u00f8rkgr\u00f8n, gul og gr\u00e6sgr\u00f8n.<\/p>\n<p>De sm\u00e5 vaser er ca. 10 cm h\u00f8je og passer til et enkelt l\u00f8g eller afsk\u00e5rne blomster. De er lige nu udstillet i CAF\u00c8 GLAD, Frederiksall\u00e9 i \u00c5rhus. De findes i farverne gul, hvid, m\u00f8rkegr\u00f8n, gr\u00e6sgr\u00f8n, lime og bl\u00e5. De forhandles: Decourate, amio.dk, Stilken eller her fra siden. Du er ogs\u00e5 velkommen i Hasselager efter aftale.<\/p>\n<p><a href=\"https:\/\/grundtdal.dk\/wp-content\/uploads\/2010\/07\/vaser-med-p\u00e5skeliljer.jpg\"><img loading=\"lazy\" class=\"aligncenter size-medium wp-image-323\" title=\"vaser med p\u00e5skeliljer\" src=\"https:\/\/grundtdal.dk\/wp-content\/uploads\/2010\/07\/vaser-med-p\u00e5skeliljer-199x300.jpg\" alt=\"\" width=\"199\" height=\"300\" srcset=\"https:\/\/grundtdal.dk\/wp-content\/uploads\/2010\/07\/vaser-med-p\u00e5skeliljer-199x300.jpg 199w, https:\/\/grundtdal.dk\/wp-content\/uploads\/2010\/07\/vaser-med-p\u00e5skeliljer-680x1024.jpg 680w, https:\/\/grundtdal.dk\/wp-content\/uploads\/2010\/07\/vaser-med-p\u00e5skeliljer.jpg 2000w\" sizes=\"(max-width: 199px) 100vw, 199px\" \/><\/a><\/p>\n<p><a href=\"https:\/\/grundtdal.dk\/wp-content\/uploads\/2010\/07\/bl\u00e5-oval-med-p\u00e5skeliljer.jpg\"><img loading=\"lazy\" class=\"aligncenter size-medium wp-image-324\" title=\"bl\u00e5 oval med p\u00e5skeliljer\" src=\"https:\/\/grundtdal.dk\/wp-content\/uploads\/2010\/07\/bl\u00e5-oval-med-p\u00e5skeliljer-300x199.jpg\" alt=\"\" width=\"300\" height=\"199\" srcset=\"https:\/\/grundtdal.dk\/wp-content\/uploads\/2010\/07\/bl\u00e5-oval-med-p\u00e5skeliljer-300x199.jpg 300w, https:\/\/grundtdal.dk\/wp-content\/uploads\/2010\/07\/bl\u00e5-oval-med-p\u00e5skeliljer-1024x680.jpg 1024w\" sizes=\"(max-width: 300px) 100vw, 300px\" \/><\/a><\/p>\n<p>Kirsten Siw Grundtdal Degn arbejder prim\u00e6rt i porcel\u00e6n.<\/p>\n<p>Alle produkter produceres i eget v\u00e6rksted i Hasselager ved \u00c5rhus.<\/p>\n<p>Kirsten Siw Grundtdal Degn arbejder i ret sm\u00e5 produktioner. Da alt er h\u00e5ndlavet vil der kun eksistere f\u00e5 eksemplarer af is\u00e6r smykkerne.<\/p>\n<p>Du kan se og k\u00f8be Kirstens ting i Stilken, Frederiksall\u00e8 i \u00c5rhus eller online via <a href=\"http:\/\/www.amio.dk\/butik\/570\">www.amio.dk\/butik\/570<\/a> eller direkte hos Kirsten.<\/p>\n<p><strong>Babelst\u00e5rnet er kommet til byen!<\/strong><\/p>\n<p>Disse vaser er designet i december 2011. De egner sig rigtig godt til en enkelt stilk. De store er ogs\u00e5 gode til fl\u00f8de\/m\u00e6lk.<\/p>\n<p>H\u00f8jde: 12 &#8211; 17 ca. Pris: 120 &#8211; 180,-<\/p>\n<p><a href=\"https:\/\/grundtdal.dk\/wp-content\/uploads\/2010\/07\/2-sk\u00e6ve-t\u00e5rne.jpg\"><img loading=\"lazy\" class=\"aligncenter size-medium wp-image-312\" title=\"2 sk\u00e6ve t\u00e5rne\" src=\"https:\/\/grundtdal.dk\/wp-content\/uploads\/2010\/07\/2-sk\u00e6ve-t\u00e5rne-199x300.jpg\" alt=\"\" width=\"199\" height=\"300\" srcset=\"https:\/\/grundtdal.dk\/wp-content\/uploads\/2010\/07\/2-sk\u00e6ve-t\u00e5rne-199x300.jpg 199w, https:\/\/grundtdal.dk\/wp-content\/uploads\/2010\/07\/2-sk\u00e6ve-t\u00e5rne-680x1024.jpg 680w, https:\/\/grundtdal.dk\/wp-content\/uploads\/2010\/07\/2-sk\u00e6ve-t\u00e5rne.jpg 2000w\" sizes=\"(max-width: 199px) 100vw, 199px\" \/><\/a><\/p>\n<p><a href=\"https:\/\/grundtdal.dk\/wp-content\/uploads\/2010\/07\/5-sk\u00e6ve-t\u00e5rne.jpg\"><img loading=\"lazy\" class=\"aligncenter size-medium wp-image-310\" title=\"5 sk\u00e6ve t\u00e5rne\" src=\"https:\/\/grundtdal.dk\/wp-content\/uploads\/2010\/07\/5-sk\u00e6ve-t\u00e5rne-300x199.jpg\" alt=\"\" width=\"300\" height=\"199\" srcset=\"https:\/\/grundtdal.dk\/wp-content\/uploads\/2010\/07\/5-sk\u00e6ve-t\u00e5rne-300x199.jpg 300w, https:\/\/grundtdal.dk\/wp-content\/uploads\/2010\/07\/5-sk\u00e6ve-t\u00e5rne-1024x680.jpg 1024w\" sizes=\"(max-width: 300px) 100vw, 300px\" \/><\/a><\/p>\n<p>Invitationen til \u00e5rets hjulesalg:<\/p>\n<p>Mit nyeste design er disse minivaser. Der er endnu flere p\u00e5 vej, men her kan du se den f\u00f8rste flok.<\/p>\n<p>Kig ogs\u00e5 under &#8216;vaser&#8217;.<\/p>\n<p>Billeder fra udstillingen i nov\/dec:<\/p>\n<p><a href=\"https:\/\/grundtdal.dk\/wp-content\/uploads\/2010\/07\/uds.-n.jpg\"><img loading=\"lazy\" class=\"aligncenter size-medium wp-image-231\" title=\"Udstilling dec 2010\" src=\"https:\/\/grundtdal.dk\/wp-content\/uploads\/2010\/07\/uds.-n-300x199.jpg\" alt=\"\" width=\"300\" height=\"199\" srcset=\"https:\/\/grundtdal.dk\/wp-content\/uploads\/2010\/07\/uds.-n-300x199.jpg 300w, https:\/\/grundtdal.dk\/wp-content\/uploads\/2010\/07\/uds.-n-1024x680.jpg 1024w\" sizes=\"(max-width: 300px) 100vw, 300px\" \/><\/a><br \/>\n<a href=\"https:\/\/grundtdal.dk\/wp-content\/uploads\/2010\/07\/fyrfadstager-og-stjerner1.jpg\"><img loading=\"lazy\" class=\"aligncenter size-medium wp-image-235\" title=\"Fyrfadstager og stjerner\" src=\"https:\/\/grundtdal.dk\/wp-content\/uploads\/2010\/07\/fyrfadstager-og-stjerner1-300x199.jpg\" alt=\"\" width=\"300\" height=\"199\" srcset=\"https:\/\/grundtdal.dk\/wp-content\/uploads\/2010\/07\/fyrfadstager-og-stjerner1-300x199.jpg 300w, https:\/\/grundtdal.dk\/wp-content\/uploads\/2010\/07\/fyrfadstager-og-stjerner1-1024x680.jpg 1024w\" sizes=\"(max-width: 300px) 100vw, 300px\" \/><\/a><\/p>\n<p><a href=\"https:\/\/grundtdal.dk\/wp-content\/uploads\/2010\/07\/sk\u00e5le.jpg\"><img loading=\"lazy\" class=\"aligncenter size-medium wp-image-237\" title=\"sk\u00e5le\" src=\"https:\/\/grundtdal.dk\/wp-content\/uploads\/2010\/07\/sk\u00e5le-300x199.jpg\" alt=\"\" width=\"300\" height=\"199\" srcset=\"https:\/\/grundtdal.dk\/wp-content\/uploads\/2010\/07\/sk\u00e5le-300x199.jpg 300w, https:\/\/grundtdal.dk\/wp-content\/uploads\/2010\/07\/sk\u00e5le-1024x680.jpg 1024w\" sizes=\"(max-width: 300px) 100vw, 300px\" \/><\/a><\/p>\n<p><a href=\"https:\/\/grundtdal.dk\/wp-content\/uploads\/2010\/07\/hjerter-og-engle.jpg\"><img loading=\"lazy\" class=\"aligncenter size-medium wp-image-238\" title=\"Hjerter og engle\" src=\"https:\/\/grundtdal.dk\/wp-content\/uploads\/2010\/07\/hjerter-og-engle-300x199.jpg\" alt=\"\" width=\"300\" height=\"199\" srcset=\"https:\/\/grundtdal.dk\/wp-content\/uploads\/2010\/07\/hjerter-og-engle-300x199.jpg 300w, https:\/\/grundtdal.dk\/wp-content\/uploads\/2010\/07\/hjerter-og-engle-1024x680.jpg 1024w\" sizes=\"(max-width: 300px) 100vw, 300px\" \/><\/a><\/p>\n<p><a href=\"https:\/\/grundtdal.dk\/wp-content\/uploads\/2010\/07\/3-stjerner.jpg\"><img loading=\"lazy\" class=\"aligncenter size-medium wp-image-239\" title=\"Stjerner\" src=\"https:\/\/grundtdal.dk\/wp-content\/uploads\/2010\/07\/3-stjerner-300x199.jpg\" alt=\"\" width=\"300\" height=\"199\" srcset=\"https:\/\/grundtdal.dk\/wp-content\/uploads\/2010\/07\/3-stjerner-300x199.jpg 300w, https:\/\/grundtdal.dk\/wp-content\/uploads\/2010\/07\/3-stjerner-1024x680.jpg 1024w\" sizes=\"(max-width: 300px) 100vw, 300px\" \/><\/a><\/p>\n","protected":false},"excerpt":{"rendered":"<p>&nbsp; K\u00c6RE ALLE DET ER PT IKKE MULIGT AT BESTILLE KUNSTH\u00c5NDV\u00c6RK, DA JEG HAR HOLDT PAUSE OG ER P\u00c5 VEJ I NY RETNING MED MIN KERAMIK. DU ER VELKOMMEN TIL AT RINGE, HVIS DER ER NOGET DU GERNE VIL EJE &#8211; JEG HAR ENKELTE TING P\u00c5 LAGER ENDNU. JEG SENDER DESV\u00c6RRE IKKE. JEG OPDATERER HER [&hellip;]<\/p>\n","protected":false},"author":1,"featured_media":0,"parent":0,"menu_order":0,"comment_status":"closed","ping_status":"closed","template":"","meta":[],"_links":{"self":[{"href":"https:\/\/grundtdal.dk\/index.php?rest_route=\/wp\/v2\/pages\/2"}],"collection":[{"href":"https:\/\/grundtdal.dk\/index.php?rest_route=\/wp\/v2\/pages"}],"about":[{"href":"https:\/\/grundtdal.dk\/index.php?rest_route=\/wp\/v2\/types\/page"}],"author":[{"embeddable":true,"href":"https:\/\/grundtdal.dk\/index.php?rest_route=\/wp\/v2\/users\/1"}],"replies":[{"embeddable":true,"href":"https:\/\/grundtdal.dk\/index.php?rest_route=%2Fwp%2Fv2%2Fcomments&post=2"}],"version-history":[{"count":96,"href":"https:\/\/grundtdal.dk\/index.php?rest_route=\/wp\/v2\/pages\/2\/revisions"}],"predecessor-version":[{"id":533,"href":"https:\/\/grundtdal.dk\/index.php?rest_route=\/wp\/v2\/pages\/2\/revisions\/533"}],"wp:attachment":[{"href":"https:\/\/grundtdal.dk\/index.php?rest_route=%2Fwp%2Fv2%2Fmedia&parent=2"}],"curies":[{"name":"wp","href":"https:\/\/api.w.org\/{rel}","templated":true}]}}